{"id":9430,"date":"2026-04-28T12:11:35","date_gmt":"2026-04-28T12:11:35","guid":{"rendered":"https:\/\/xn--lipdemzentrum-kmb.de\/?page_id=9430"},"modified":"2026-04-28T12:14:14","modified_gmt":"2026-04-28T12:14:14","slug":"impressum","status":"publish","type":"page","link":"https:\/\/xn--lipdemzentrum-kmb.de\/en\/impressum\/","title":{"rendered":"Impressum"},"content":{"rendered":"\t\t<div data-elementor-type=\"wp-page\" data-elementor-id=\"9430\" class=\"elementor elementor-9430\" data-elementor-post-type=\"page\">\n\t\t\t\t\t\t<section class=\"elementor-section elementor-top-section elementor-element elementor-element-38fb013 elementor-section-full_width elementor-section-height-default elementor-section-height-default\" data-id=\"38fb013\" data-element_type=\"section\" data-e-type=\"section\" data-settings=\"{&quot;jet_parallax_layout_list&quot;:[{&quot;jet_parallax_layout_image&quot;:{&quot;url&quot;:&quot;&quot;,&quot;id&quot;:&quot;&quot;,&quot;size&quot;:&quot;&quot;},&quot;_id&quot;:&quot;58b3910&quot;,&quot;jet_parallax_layout_image_tablet&quot;:{&quot;url&quot;:&quot;&quot;,&quot;id&quot;:&quot;&quot;,&quot;size&quot;:&quot;&quot;},&quot;jet_parallax_layout_image_mobile&quot;:{&quot;url&quot;:&quot;&quot;,&quot;id&quot;:&quot;&quot;,&quot;size&quot;:&quot;&quot;},&quot;jet_parallax_layout_speed&quot;:{&quot;unit&quot;:&quot;%&quot;,&quot;size&quot;:50,&quot;sizes&quot;:[]},&quot;jet_parallax_layout_type&quot;:&quot;scroll&quot;,&quot;jet_parallax_layout_direction&quot;:&quot;1&quot;,&quot;jet_parallax_layout_fx_direction&quot;:null,&quot;jet_parallax_layout_z_index&quot;:&quot;&quot;,&quot;jet_parallax_layout_bg_x&quot;:50,&quot;jet_parallax_layout_bg_x_tablet&quot;:&quot;&quot;,&quot;jet_parallax_layout_bg_x_mobile&quot;:&quot;&quot;,&quot;jet_parallax_layout_bg_y&quot;:50,&quot;jet_parallax_layout_bg_y_tablet&quot;:&quot;&quot;,&quot;jet_parallax_layout_bg_y_mobile&quot;:&quot;&quot;,&quot;jet_parallax_layout_bg_size&quot;:&quot;auto&quot;,&quot;jet_parallax_layout_bg_size_tablet&quot;:&quot;&quot;,&quot;jet_parallax_layout_bg_size_mobile&quot;:&quot;&quot;,&quot;jet_parallax_layout_animation_prop&quot;:&quot;transform&quot;,&quot;jet_parallax_layout_on&quot;:[&quot;desktop&quot;,&quot;tablet&quot;]}]}\">\n\t\t\t\t\t\t<div class=\"elementor-container elementor-column-gap-no\">\n\t\t\t\t\t<div class=\"elementor-column elementor-col-100 elementor-top-column elementor-element elementor-element-3106904\" data-id=\"3106904\" data-element_type=\"column\" data-e-type=\"column\" data-settings=\"{&quot;background_background&quot;:&quot;gradient&quot;}\">\n\t\t\t<div class=\"elementor-widget-wrap elementor-element-populated\">\n\t\t\t\t\t\t<div class=\"elementor-element elementor-element-90a2a7d elementor-widget elementor-widget-heading\" data-id=\"90a2a7d\" data-element_type=\"widget\" data-e-type=\"widget\" data-widget_type=\"heading.default\">\n\t\t\t\t\t<h1 class=\"elementor-heading-title elementor-size-default\">Impressum<\/h1>\t\t\t\t<\/div>\n\t\t\t\t\t<\/div>\n\t\t<\/div>\n\t\t\t\t\t<\/div>\n\t\t<\/section>\n\t\t\t\t<section class=\"elementor-section elementor-top-section elementor-element elementor-element-da29f39 elementor-section-boxed elementor-section-height-default elementor-section-height-default\" data-id=\"da29f39\" data-element_type=\"section\" data-e-type=\"section\" data-settings=\"{&quot;jet_parallax_layout_list&quot;:[{&quot;jet_parallax_layout_image&quot;:{&quot;url&quot;:&quot;&quot;,&quot;id&quot;:&quot;&quot;,&quot;size&quot;:&quot;&quot;},&quot;_id&quot;:&quot;35b7415&quot;,&quot;jet_parallax_layout_image_tablet&quot;:{&quot;url&quot;:&quot;&quot;,&quot;id&quot;:&quot;&quot;,&quot;size&quot;:&quot;&quot;},&quot;jet_parallax_layout_image_mobile&quot;:{&quot;url&quot;:&quot;&quot;,&quot;id&quot;:&quot;&quot;,&quot;size&quot;:&quot;&quot;},&quot;jet_parallax_layout_speed&quot;:{&quot;unit&quot;:&quot;%&quot;,&quot;size&quot;:50,&quot;sizes&quot;:[]},&quot;jet_parallax_layout_type&quot;:&quot;scroll&quot;,&quot;jet_parallax_layout_direction&quot;:&quot;1&quot;,&quot;jet_parallax_layout_fx_direction&quot;:null,&quot;jet_parallax_layout_z_index&quot;:&quot;&quot;,&quot;jet_parallax_layout_bg_x&quot;:50,&quot;jet_parallax_layout_bg_x_tablet&quot;:&quot;&quot;,&quot;jet_parallax_layout_bg_x_mobile&quot;:&quot;&quot;,&quot;jet_parallax_layout_bg_y&quot;:50,&quot;jet_parallax_layout_bg_y_tablet&quot;:&quot;&quot;,&quot;jet_parallax_layout_bg_y_mobile&quot;:&quot;&quot;,&quot;jet_parallax_layout_bg_size&quot;:&quot;auto&quot;,&quot;jet_parallax_layout_bg_size_tablet&quot;:&quot;&quot;,&quot;jet_parallax_layout_bg_size_mobile&quot;:&quot;&quot;,&quot;jet_parallax_layout_animation_prop&quot;:&quot;transform&quot;,&quot;jet_parallax_layout_on&quot;:[&quot;desktop&quot;,&quot;tablet&quot;]}],&quot;background_background&quot;:&quot;classic&quot;}\">\n\t\t\t\t\t\t<div class=\"elementor-container elementor-column-gap-default\">\n\t\t\t\t\t<div class=\"elementor-column elementor-col-100 elementor-top-column elementor-element elementor-element-d4aaa7b\" data-id=\"d4aaa7b\" data-element_type=\"column\" data-e-type=\"column\">\n\t\t\t<div class=\"elementor-widget-wrap elementor-element-populated\">\n\t\t\t\t\t\t<div class=\"elementor-element elementor-element-9b0f31a elementor-widget elementor-widget-spacer\" data-id=\"9b0f31a\" data-element_type=\"widget\" data-e-type=\"widget\" data-widget_type=\"spacer.default\">\n\t\t\t\t\t\t\t<div class=\"elementor-spacer\">\n\t\t\t<div class=\"elementor-spacer-inner\"><\/div>\n\t\t<\/div>\n\t\t\t\t\t\t<\/div>\n\t\t\t\t\t<\/div>\n\t\t<\/div>\n\t\t\t\t\t<\/div>\n\t\t<\/section>\n\t\t<div class=\"elementor-element elementor-element-6342e77 e-flex e-con-boxed e-con e-parent\" data-id=\"6342e77\" data-element_type=\"container\" data-e-type=\"container\" data-settings=\"{&quot;jet_parallax_layout_list&quot;:[]}\">\n\t\t\t\t\t<div class=\"e-con-inner\">\n\t\t\t\t<div class=\"elementor-element elementor-element-731a754 elementor-widget elementor-widget-text-editor\" data-id=\"731a754\" data-element_type=\"widget\" data-e-type=\"widget\" data-widget_type=\"text-editor.default\">\n\t\t\t\t\t\t\t\t\t<p>Priv. Doz. Dr. med. Klaus J. Walgenbach<\/p><p>Praxisanschrift:<br \/>Plastische und \u00c4sthetische Chirurgie am Universit\u00e4tsklinikum Bonn<br \/>Dermatologie<br \/>Venusberg-Campus 1<br \/>53127 Bonn<\/p><p>Telefon: 0228 9696888<\/p><p>Fax: 0228 287 11258<\/p><p>E-Mail: info@lip\u00f6demzentrum.de<\/p><p>Gesetzliche Berufsbezeichnung:<\/p><p>Facharzt f\u00fcr Plastische und \u00c4sthetische Chirurgie<br \/>Facharzt f\u00fcr Chirurgie<br \/>Zusatzbezeichnung Handchirurgie<\/p><p>Staat: Bundesrepublik Deutschland<\/p><p>\u00c4rztekammer: Nordrhein<br \/>Tersteegenstrasse 9<br \/>40474 D\u00fcsseldorf<\/p><p>Tel.: ++49 (0)211\/4 30 20<br \/>Fax: ++49 (0)211\/4302 1200<\/p><p>E-Mail: aerztekammer@aekno.de<\/p><p>Kassen\u00e4rztliche Vereinigung (zust\u00e4ndige Aufsichtsbeh\u00f6rde):<\/p><p>KV Nordrhein<br \/>Tersteegenstrasse 9<br \/>40474 D\u00fcsseldorf<\/p><p>Tel.: ++49 (0) 2 11 59 70-0<br \/>Fax: ++49 (0) 2 11 59 70-82 87<\/p><p>E-Mail: kvno.hauptstelle@kvno.de<\/p><p>Berufsrechtliche Regelungen: Heilberufsgesetz NRW (HeilBerG)<\/p><p>Berufsordnung f\u00fcr die nordrheinischen \u00c4rztinnen und \u00c4rzte<\/p><p>(www.aekno.de)<\/p><p>Inhaltlich Verantwortlicher gem\u00e4\u00df \u00a7 6 MDStV: Priv. Doz. Dr. med. Klaus J. Walgenbach<\/p><p>Quellenangaben f\u00fcr Bilder &amp; Grafiken:<\/p><p>\u00a9istockphoto.com \/ Unternehmenskommunikation des UKB<\/p><p>Shutterstock<\/p><p>Adobe Stock<\/p><p>Urheberschutz und Nutzung:<\/p><p>Der Urheber r\u00e4umt Ihnen ganz konkret das Nutzungsrecht ein, sich eine private Kopie f\u00fcr pers\u00f6nliche Zwecke anzufertigen. Nicht berechtigt sind Sie dagegen, die Materialien zu ver\u00e4ndern und\/oder weiterzugeben oder gar selbst zu ver\u00f6ffentlichen.<\/p><p>Die Urheberrechte liegen beim jeweiligen Autor.<\/p><p>Keine Haftung:<\/p><p>Die Inhalte dieses Webprojektes wurden sorgf\u00e4ltig gepr\u00fcft und nach bestem Wissen erstellt. Aber f\u00fcr die hier dargebotenen Informationen wird kein Anspruch auf Vollst\u00e4ndigkeit, Aktualit\u00e4t, Qualit\u00e4t und Richtigkeit erhoben.<\/p><p>Es kann keine Verantwortung f\u00fcr Sch\u00e4den \u00fcbernommen werden, die durch das Vertrauen auf die Inhalte dieser Website oder deren Gebrauch entstehen.<\/p><p>Auf dieser Website wird \u00fcber Hyperlinks zu externen Webseiten verwiesen. F\u00fcr die Praktiken, Inhalte und Verlinkung auf den Webseiten Dritter \/ externen Internetseiten sowie f\u00fcr deren Verlinkung \u00fcbernimmt die Plastische und \u00c4sthetische Chirurgie Priv. Doz. Dr. Walgenbach weder inhaltliche noch rechtliche Verantwortung.<\/p><p>Inhalt und Gestaltung dienen ausschlie\u00dflich f\u00fcr Informationszwecke. Diese Informationen d\u00fcrfen sowie k\u00f6nnen nicht f\u00fcr die Erstellung eigenst\u00e4ndiger Diagnosen oder f\u00fcr die Auswahl und Anwendung von Behandlungsmethoden verwendet werden. Diese Informationen stellen in keiner Weise einen Ersatz f\u00fcr professionelle Beratungen oder Behandlungen durch ausgebildete und anerkannte \u00c4rzte dar.<\/p><p>F\u00fcr Sch\u00e4den oder Unannehmlichkeiten, die durch den Gebrauch oder Missbrauch der Informationen entstehen, k\u00f6nnen die Autoren nicht \u2013 weder direkt noch indirekt \u2013 zur Verantwortung gezogen werden.<\/p><p>Bitte suchen Sie bei Gesundheitsproblemen immer einen Arzt Ihres Vertrauens auf. Sie sollten Behandlungen weder selbst\u00e4ndig beginnen, noch ver\u00e4ndern oder absetzen.<\/p><p>Das Urheberrecht der Seiten liegt bei Priv. Doz. Dr. med. Klaus J. Walgenbach, sofern nicht anders angegeben.<\/p><p>Sollten Sie fehlerhafte Inhalte entdecken, bitten wir Sie, uns dar\u00fcber per E-Mail zu informieren.<\/p><p>Schutzrechtsverletzung:<\/p><p>Falls Sie vermuten, dass von dieser Website aus eines Ihrer Schutzrechte verletzt wird, teilen Sie das bitte umgehend per elektronischer Post mit, damit z\u00fcgig Abhilfe geschafft werden kann. Bitte nehmen Sie zur Kenntnis: Die zeitaufwendigere Einschaltung eines Anwaltes zur f\u00fcr den Diensteanbieter kostenpflichtigen Abmahnung entspricht nicht dessen wirklichem oder mutma\u00dflichem Willen.<\/p>\t\t\t\t\t\t\t\t<\/div>\n\t\t\t\t\t<\/div>\n\t\t\t\t<\/div>\n\t\t<div class=\"elementor-element elementor-element-dae9db1 e-flex e-con-boxed e-con e-parent\" data-id=\"dae9db1\" data-element_type=\"container\" data-e-type=\"container\" data-settings=\"{&quot;jet_parallax_layout_list&quot;:[]}\">\n\t\t\t\t\t<div class=\"e-con-inner\">\n\t\t\t\t<div class=\"elementor-element elementor-element-a644b3e elementor-widget elementor-widget-spacer\" data-id=\"a644b3e\" data-element_type=\"widget\" data-e-type=\"widget\" data-widget_type=\"spacer.default\">\n\t\t\t\t\t\t\t<div class=\"elementor-spacer\">\n\t\t\t<div class=\"elementor-spacer-inner\"><\/div>\n\t\t<\/div>\n\t\t\t\t\t\t<\/div>\n\t\t\t\t\t<\/div>\n\t\t\t\t<\/div>\n\t\t\t\t<section class=\"elementor-section elementor-top-section elementor-element elementor-element-3e7f186b elementor-section-content-middle elementor-section-boxed elementor-section-height-default elementor-section-height-default\" data-id=\"3e7f186b\" data-element_type=\"section\" data-e-type=\"section\" data-settings=\"{&quot;background_background&quot;:&quot;classic&quot;,&quot;jet_parallax_layout_list&quot;:[{&quot;jet_parallax_layout_image&quot;:{&quot;url&quot;:&quot;&quot;,&quot;id&quot;:&quot;&quot;,&quot;size&quot;:&quot;&quot;},&quot;_id&quot;:&quot;12058a8&quot;,&quot;jet_parallax_layout_image_tablet&quot;:{&quot;url&quot;:&quot;&quot;,&quot;id&quot;:&quot;&quot;,&quot;size&quot;:&quot;&quot;},&quot;jet_parallax_layout_image_mobile&quot;:{&quot;url&quot;:&quot;&quot;,&quot;id&quot;:&quot;&quot;,&quot;size&quot;:&quot;&quot;},&quot;jet_parallax_layout_speed&quot;:{&quot;unit&quot;:&quot;%&quot;,&quot;size&quot;:50,&quot;sizes&quot;:[]},&quot;jet_parallax_layout_type&quot;:&quot;scroll&quot;,&quot;jet_parallax_layout_direction&quot;:&quot;1&quot;,&quot;jet_parallax_layout_fx_direction&quot;:null,&quot;jet_parallax_layout_z_index&quot;:&quot;&quot;,&quot;jet_parallax_layout_bg_x&quot;:50,&quot;jet_parallax_layout_bg_x_tablet&quot;:&quot;&quot;,&quot;jet_parallax_layout_bg_x_mobile&quot;:&quot;&quot;,&quot;jet_parallax_layout_bg_y&quot;:50,&quot;jet_parallax_layout_bg_y_tablet&quot;:&quot;&quot;,&quot;jet_parallax_layout_bg_y_mobile&quot;:&quot;&quot;,&quot;jet_parallax_layout_bg_size&quot;:&quot;auto&quot;,&quot;jet_parallax_layout_bg_size_tablet&quot;:&quot;&quot;,&quot;jet_parallax_layout_bg_size_mobile&quot;:&quot;&quot;,&quot;jet_parallax_layout_animation_prop&quot;:&quot;transform&quot;,&quot;jet_parallax_layout_on&quot;:[&quot;desktop&quot;,&quot;tablet&quot;]}]}\">\n\t\t\t\t\t\t<div class=\"elementor-container elementor-column-gap-default\">\n\t\t\t\t\t<div class=\"elementor-column elementor-col-33 elementor-top-column elementor-element elementor-element-2379af9a\" data-id=\"2379af9a\" data-element_type=\"column\" data-e-type=\"column\">\n\t\t\t<div class=\"elementor-widget-wrap elementor-element-populated\">\n\t\t\t\t\t\t<div class=\"elementor-element elementor-element-170f9e1f elementor-widget elementor-widget-image\" data-id=\"170f9e1f\" data-element_type=\"widget\" data-e-type=\"widget\" data-widget_type=\"image.default\">\n\t\t\t\t\t\t\t\t\t\t\t\t\t\t\t<img decoding=\"async\" width=\"50\" height=\"50\" src=\"https:\/\/xn--lipdemzentrum-kmb.de\/wp-content\/uploads\/2017\/11\/icon-img-18.png\" class=\"attachment-thumbnail size-thumbnail wp-image-6562\" alt=\"\" \/>\t\t\t\t\t\t\t\t\t\t\t\t\t\t\t<\/div>\n\t\t\t\t\t<\/div>\n\t\t<\/div>\n\t\t\t\t<div class=\"elementor-column elementor-col-33 elementor-top-column elementor-element elementor-element-4186b33f\" data-id=\"4186b33f\" data-element_type=\"column\" data-e-type=\"column\">\n\t\t\t<div class=\"elementor-widget-wrap elementor-element-populated\">\n\t\t\t\t\t\t<div class=\"elementor-element elementor-element-486e45b0 elementor-widget elementor-widget-heading\" data-id=\"486e45b0\" data-element_type=\"widget\" data-e-type=\"widget\" data-widget_type=\"heading.default\">\n\t\t\t\t\t<h3 class=\"elementor-heading-title elementor-size-default\">Du w\u00fcnschst Dir eine pers\u00f6nliche Beratung?<\/h3>\t\t\t\t<\/div>\n\t\t\t\t<div class=\"elementor-element elementor-element-629ad488 elementor-widget elementor-widget-heading\" data-id=\"629ad488\" data-element_type=\"widget\" data-e-type=\"widget\" data-widget_type=\"heading.default\">\n\t\t\t\t\t<h5 class=\"elementor-heading-title elementor-size-default\">Ob erste Einsch\u00e4tzung, konkrete Fragen oder n\u00e4chster Behandlungsschritt \u2013 wir begleiten Dich pers\u00f6nlich und mit einem klaren Blick auf Deine individuelle Situation.<\/h5>\t\t\t\t<\/div>\n\t\t\t\t\t<\/div>\n\t\t<\/div>\n\t\t\t\t<div class=\"elementor-column elementor-col-33 elementor-top-column elementor-element elementor-element-6f78043e\" data-id=\"6f78043e\" data-element_type=\"column\" data-e-type=\"column\">\n\t\t\t<div class=\"elementor-widget-wrap elementor-element-populated\">\n\t\t\t\t\t\t<div class=\"elementor-element elementor-element-34962cf elementor-align-right elementor-mobile-align-center elementor-widget elementor-widget-button\" data-id=\"34962cf\" data-element_type=\"widget\" data-e-type=\"widget\" data-widget_type=\"button.default\">\n\t\t\t\t\t\t\t\t\t\t<a class=\"elementor-button elementor-button-link elementor-size-md\" href=\"https:\/\/www.doctolib.de\/praxis\/bonn\/praxis-fuer-plastische-und-aesthetische-medizin-walgenbach-kollegen\/booking\/new-patient?profile_skipped=true&#038;source=external_referral\" target=\"_blank\">\n\t\t\t\t\t\t<span class=\"elementor-button-content-wrapper\">\n\t\t\t\t\t\t\t\t\t<span class=\"elementor-button-text\">JETZT TERMIN BUCHEN<\/span>\n\t\t\t\t\t<\/span>\n\t\t\t\t\t<\/a>\n\t\t\t\t\t\t\t\t<\/div>\n\t\t\t\t\t<\/div>\n\t\t<\/div>\n\t\t\t\t\t<\/div>\n\t\t<\/section>\n\t\t<div class=\"elementor-element elementor-element-03345b1 e-flex e-con-boxed e-con e-parent\" data-id=\"03345b1\" data-element_type=\"container\" data-e-type=\"container\" data-settings=\"{&quot;jet_parallax_layout_list&quot;:[]}\">\n\t\t\t\t\t<div class=\"e-con-inner\">\n\t\t\t\t\t<\/div>\n\t\t\t\t<\/div>\n\t\t\t\t<\/div>\n\t\t","protected":false},"excerpt":{"rendered":"<p>Impressum Priv. Doz. Dr. med. Klaus J. Walgenbach Praxisanschrift:Plastische und \u00c4sthetische Chirurgie am Universit\u00e4tsklinikum BonnDermatologieVenusberg-Campus 153127 Bonn Telefon: 0228 9696888 Fax: 0228 287 11258 E-Mail: info@lip\u00f6demzentrum.de Gesetzliche Berufsbezeichnung: Facharzt f\u00fcr Plastische und \u00c4sthetische ChirurgieFacharzt f\u00fcr ChirurgieZusatzbezeichnung Handchirurgie Staat: Bundesrepublik Deutschland \u00c4rztekammer: NordrheinTersteegenstrasse 940474 D\u00fcsseldorf Tel.: ++49 (0)211\/4 30 20Fax: ++49 (0)211\/4302 1200 E-Mail: aerztekammer@aekno.de Kassen\u00e4rztliche [&hellip;]<\/p>\n","protected":false},"author":1,"featured_media":0,"parent":0,"menu_order":0,"comment_status":"closed","ping_status":"closed","template":"elementor_header_footer","meta":{"_monsterinsights_skip_tracking":false,"_monsterinsights_sitenote_active":false,"_monsterinsights_sitenote_note":"","_monsterinsights_sitenote_category":0,"footnotes":""},"class_list":["post-9430","page","type-page","status-publish","hentry"],"yoast_head":"<!-- This site is optimized with the Yoast SEO plugin v27.5 - https:\/\/yoast.com\/product\/yoast-seo-wordpress\/ -->\n<title>Impressum - Lip\u00f6demzentrum<\/title>\n<meta name=\"robots\" content=\"index, follow, max-snippet:-1, max-image-preview:large, max-video-preview:-1\" \/>\n<link rel=\"canonical\" href=\"https:\/\/xn--lipdemzentrum-kmb.de\/en\/impressum\/\" \/>\n<meta property=\"og:locale\" content=\"en_US\" \/>\n<meta property=\"og:type\" content=\"article\" \/>\n<meta property=\"og:title\" content=\"Impressum - Lip\u00f6demzentrum\" \/>\n<meta property=\"og:description\" content=\"Impressum Priv. Doz. Dr. med. Klaus J. Walgenbach Praxisanschrift:Plastische und \u00c4sthetische Chirurgie am Universit\u00e4tsklinikum BonnDermatologieVenusberg-Campus 153127 Bonn Telefon: 0228 9696888 Fax: 0228 287 11258 E-Mail: info@lip\u00f6demzentrum.de Gesetzliche Berufsbezeichnung: Facharzt f\u00fcr Plastische und \u00c4sthetische ChirurgieFacharzt f\u00fcr ChirurgieZusatzbezeichnung Handchirurgie Staat: Bundesrepublik Deutschland \u00c4rztekammer: NordrheinTersteegenstrasse 940474 D\u00fcsseldorf Tel.: ++49 (0)211\/4 30 20Fax: ++49 (0)211\/4302 1200 E-Mail: aerztekammer@aekno.de Kassen\u00e4rztliche [&hellip;]\" \/>\n<meta property=\"og:url\" content=\"https:\/\/xn--lipdemzentrum-kmb.de\/en\/impressum\/\" \/>\n<meta property=\"og:site_name\" content=\"Lip\u00f6demzentrum\" \/>\n<meta property=\"article:modified_time\" content=\"2026-04-28T12:14:14+00:00\" \/>\n<meta property=\"og:image\" content=\"https:\/\/xn--lipdemzentrum-kmb.de\/wp-content\/uploads\/2017\/11\/icon-img-18.png\" \/>\n<meta name=\"twitter:card\" content=\"summary_large_image\" \/>\n<meta name=\"twitter:label1\" content=\"Est. reading time\" \/>\n\t<meta name=\"twitter:data1\" content=\"3 minutes\" \/>\n<script type=\"application\/ld+json\" class=\"yoast-schema-graph\">{\"@context\":\"https:\\\/\\\/schema.org\",\"@graph\":[{\"@type\":\"WebPage\",\"@id\":\"https:\\\/\\\/xn--lipdemzentrum-kmb.de\\\/impressum\\\/\",\"url\":\"https:\\\/\\\/xn--lipdemzentrum-kmb.de\\\/impressum\\\/\",\"name\":\"Impressum - Lip\u00f6demzentrum\",\"isPartOf\":{\"@id\":\"https:\\\/\\\/xn--lipdemzentrum-kmb.de\\\/en\\\/#website\"},\"primaryImageOfPage\":{\"@id\":\"https:\\\/\\\/xn--lipdemzentrum-kmb.de\\\/impressum\\\/#primaryimage\"},\"image\":{\"@id\":\"https:\\\/\\\/xn--lipdemzentrum-kmb.de\\\/impressum\\\/#primaryimage\"},\"thumbnailUrl\":\"https:\\\/\\\/xn--lipdemzentrum-kmb.de\\\/wp-content\\\/uploads\\\/2017\\\/11\\\/icon-img-18.png\",\"datePublished\":\"2026-04-28T12:11:35+00:00\",\"dateModified\":\"2026-04-28T12:14:14+00:00\",\"breadcrumb\":{\"@id\":\"https:\\\/\\\/xn--lipdemzentrum-kmb.de\\\/impressum\\\/#breadcrumb\"},\"inLanguage\":\"en-US\",\"potentialAction\":[{\"@type\":\"ReadAction\",\"target\":[\"https:\\\/\\\/xn--lipdemzentrum-kmb.de\\\/impressum\\\/\"]}]},{\"@type\":\"ImageObject\",\"inLanguage\":\"en-US\",\"@id\":\"https:\\\/\\\/xn--lipdemzentrum-kmb.de\\\/impressum\\\/#primaryimage\",\"url\":\"https:\\\/\\\/xn--lipdemzentrum-kmb.de\\\/wp-content\\\/uploads\\\/2017\\\/11\\\/icon-img-18.png\",\"contentUrl\":\"https:\\\/\\\/xn--lipdemzentrum-kmb.de\\\/wp-content\\\/uploads\\\/2017\\\/11\\\/icon-img-18.png\"},{\"@type\":\"BreadcrumbList\",\"@id\":\"https:\\\/\\\/xn--lipdemzentrum-kmb.de\\\/impressum\\\/#breadcrumb\",\"itemListElement\":[{\"@type\":\"ListItem\",\"position\":1,\"name\":\"Start\",\"item\":\"https:\\\/\\\/xn--lipdemzentrum-kmb.de\\\/en\\\/\"},{\"@type\":\"ListItem\",\"position\":2,\"name\":\"Impressum\"}]},{\"@type\":\"WebSite\",\"@id\":\"https:\\\/\\\/xn--lipdemzentrum-kmb.de\\\/en\\\/#website\",\"url\":\"https:\\\/\\\/xn--lipdemzentrum-kmb.de\\\/en\\\/\",\"name\":\"Lip\u00f6demzentrum\",\"description\":\"changing your life\",\"potentialAction\":[{\"@type\":\"SearchAction\",\"target\":{\"@type\":\"EntryPoint\",\"urlTemplate\":\"https:\\\/\\\/xn--lipdemzentrum-kmb.de\\\/en\\\/?s={search_term_string}\"},\"query-input\":{\"@type\":\"PropertyValueSpecification\",\"valueRequired\":true,\"valueName\":\"search_term_string\"}}],\"inLanguage\":\"en-US\"}]}<\/script>\n<!-- \/ Yoast SEO plugin. -->","yoast_head_json":{"title":"Impressum - Lip\u00f6demzentrum","robots":{"index":"index","follow":"follow","max-snippet":"max-snippet:-1","max-image-preview":"max-image-preview:large","max-video-preview":"max-video-preview:-1"},"canonical":"https:\/\/xn--lipdemzentrum-kmb.de\/en\/impressum\/","og_locale":"en_US","og_type":"article","og_title":"Impressum - Lip\u00f6demzentrum","og_description":"Impressum Priv. Doz. Dr. med. Klaus J. Walgenbach Praxisanschrift:Plastische und \u00c4sthetische Chirurgie am Universit\u00e4tsklinikum BonnDermatologieVenusberg-Campus 153127 Bonn Telefon: 0228 9696888 Fax: 0228 287 11258 E-Mail: info@lip\u00f6demzentrum.de Gesetzliche Berufsbezeichnung: Facharzt f\u00fcr Plastische und \u00c4sthetische ChirurgieFacharzt f\u00fcr ChirurgieZusatzbezeichnung Handchirurgie Staat: Bundesrepublik Deutschland \u00c4rztekammer: NordrheinTersteegenstrasse 940474 D\u00fcsseldorf Tel.: ++49 (0)211\/4 30 20Fax: ++49 (0)211\/4302 1200 E-Mail: aerztekammer@aekno.de Kassen\u00e4rztliche [&hellip;]","og_url":"https:\/\/xn--lipdemzentrum-kmb.de\/en\/impressum\/","og_site_name":"Lip\u00f6demzentrum","article_modified_time":"2026-04-28T12:14:14+00:00","og_image":[{"url":"https:\/\/xn--lipdemzentrum-kmb.de\/wp-content\/uploads\/2017\/11\/icon-img-18.png","type":"","width":"","height":""}],"twitter_card":"summary_large_image","twitter_misc":{"Est. reading time":"3 minutes"},"schema":{"@context":"https:\/\/schema.org","@graph":[{"@type":"WebPage","@id":"https:\/\/xn--lipdemzentrum-kmb.de\/impressum\/","url":"https:\/\/xn--lipdemzentrum-kmb.de\/impressum\/","name":"Impressum - Lip\u00f6demzentrum","isPartOf":{"@id":"https:\/\/xn--lipdemzentrum-kmb.de\/en\/#website"},"primaryImageOfPage":{"@id":"https:\/\/xn--lipdemzentrum-kmb.de\/impressum\/#primaryimage"},"image":{"@id":"https:\/\/xn--lipdemzentrum-kmb.de\/impressum\/#primaryimage"},"thumbnailUrl":"https:\/\/xn--lipdemzentrum-kmb.de\/wp-content\/uploads\/2017\/11\/icon-img-18.png","datePublished":"2026-04-28T12:11:35+00:00","dateModified":"2026-04-28T12:14:14+00:00","breadcrumb":{"@id":"https:\/\/xn--lipdemzentrum-kmb.de\/impressum\/#breadcrumb"},"inLanguage":"en-US","potentialAction":[{"@type":"ReadAction","target":["https:\/\/xn--lipdemzentrum-kmb.de\/impressum\/"]}]},{"@type":"ImageObject","inLanguage":"en-US","@id":"https:\/\/xn--lipdemzentrum-kmb.de\/impressum\/#primaryimage","url":"https:\/\/xn--lipdemzentrum-kmb.de\/wp-content\/uploads\/2017\/11\/icon-img-18.png","contentUrl":"https:\/\/xn--lipdemzentrum-kmb.de\/wp-content\/uploads\/2017\/11\/icon-img-18.png"},{"@type":"BreadcrumbList","@id":"https:\/\/xn--lipdemzentrum-kmb.de\/impressum\/#breadcrumb","itemListElement":[{"@type":"ListItem","position":1,"name":"Start","item":"https:\/\/xn--lipdemzentrum-kmb.de\/en\/"},{"@type":"ListItem","position":2,"name":"Impressum"}]},{"@type":"WebSite","@id":"https:\/\/xn--lipdemzentrum-kmb.de\/en\/#website","url":"https:\/\/xn--lipdemzentrum-kmb.de\/en\/","name":"Lip\u00f6demzentrum","description":"changing your life","potentialAction":[{"@type":"SearchAction","target":{"@type":"EntryPoint","urlTemplate":"https:\/\/xn--lipdemzentrum-kmb.de\/en\/?s={search_term_string}"},"query-input":{"@type":"PropertyValueSpecification","valueRequired":true,"valueName":"search_term_string"}}],"inLanguage":"en-US"}]}},"_links":{"self":[{"href":"https:\/\/xn--lipdemzentrum-kmb.de\/en\/wp-json\/wp\/v2\/pages\/9430","targetHints":{"allow":["GET"]}}],"collection":[{"href":"https:\/\/xn--lipdemzentrum-kmb.de\/en\/wp-json\/wp\/v2\/pages"}],"about":[{"href":"https:\/\/xn--lipdemzentrum-kmb.de\/en\/wp-json\/wp\/v2\/types\/page"}],"author":[{"embeddable":true,"href":"https:\/\/xn--lipdemzentrum-kmb.de\/en\/wp-json\/wp\/v2\/users\/1"}],"replies":[{"embeddable":true,"href":"https:\/\/xn--lipdemzentrum-kmb.de\/en\/wp-json\/wp\/v2\/comments?post=9430"}],"version-history":[{"count":4,"href":"https:\/\/xn--lipdemzentrum-kmb.de\/en\/wp-json\/wp\/v2\/pages\/9430\/revisions"}],"predecessor-version":[{"id":9434,"href":"https:\/\/xn--lipdemzentrum-kmb.de\/en\/wp-json\/wp\/v2\/pages\/9430\/revisions\/9434"}],"wp:attachment":[{"href":"https:\/\/xn--lipdemzentrum-kmb.de\/en\/wp-json\/wp\/v2\/media?parent=9430"}],"curies":[{"name":"wp","href":"https:\/\/api.w.org\/{rel}","templated":true}]}}